{"id":1638,"date":"2023-04-24T13:52:32","date_gmt":"2023-04-24T13:52:32","guid":{"rendered":"http:\/\/54599402.swh.strato-hosting.eu\/wordpress_clone_WordPress_07\/?page_id=1638"},"modified":"2023-08-01T17:23:44","modified_gmt":"2023-08-01T17:23:44","slug":"newsletter","status":"publish","type":"page","link":"https:\/\/gerdesmeyerkrohn.de\/en\/newsletter\/","title":{"rendered":"Newsletter"},"content":{"rendered":"","protected":false},"excerpt":{"rendered":"","protected":false},"author":1,"featured_media":0,"parent":0,"menu_order":5,"comment_status":"closed","ping_status":"closed","template":"","meta":{"footnotes":""},"grid":"{\r\n  \"colCount\": 18,\r\n  \"colGutter\": 1,\r\n  \"rowGutters\": [\r\n    0\r\n  ],\r\n  \"frameMargin\": 0,\r\n  \"leftFrameMargin\": 5,\r\n  \"rightFrameMargin\": 5,\r\n  \"topFrameMargin\": 0,\r\n  \"bottomFrameMargin\": 5,\r\n  \"rowAttrs\": [\r\n    {\r\n      \"bgimage\": {\r\n        \"attid\": 1951,\r\n        \"url\": \"\/wp-content\/uploads\/2023\/06\/DSC4450-Edit.jpg\",\r\n        \"sizes\": {\r\n          \"_1920\": {\r\n            \"w\": 1920,\r\n            \"h\": 1280,\r\n            \"url\": \"\/wp-content\/uploads\/2023\/06\/DSC4450-Edit-1920x1280.jpg\"\r\n          },\r\n          \"_1280\": {\r\n            \"w\": 1280,\r\n            \"h\": 854,\r\n            \"url\": \"\/wp-content\/uploads\/2023\/06\/DSC4450-Edit-1280x854.jpg\"\r\n          },\r\n          \"_1024\": {\r\n            \"w\": 1024,\r\n            \"h\": 683,\r\n            \"url\": \"\/wp-content\/uploads\/2023\/06\/DSC4450-Edit-1024x683.jpg\"\r\n          },\r\n          \"_768\": {\r\n            \"w\": 768,\r\n            \"h\": 512,\r\n            \"url\": \"\/wp-content\/uploads\/2023\/06\/DSC4450-Edit-768x512.jpg\"\r\n          },\r\n          \"_512\": {\r\n            \"w\": 512,\r\n            \"h\": 341,\r\n            \"url\": \"\/wp-content\/uploads\/2023\/06\/DSC4450-Edit-512x341.jpg\"\r\n          },\r\n          \"_265\": {\r\n            \"w\": 265,\r\n            \"h\": 177,\r\n            \"url\": \"\/wp-content\/uploads\/2023\/06\/DSC4450-Edit-265x177.jpg\"\r\n          }\r\n        }\r\n      },\r\n      \"row100vh\": false,\r\n      \"rowcustomheight\": \"20vh\",\r\n      \"bgimageopacity\": 100,\r\n      \"relid\": 8\r\n    },\r\n    {\r\n      \"relid\": 6\r\n    }\r\n  ],\r\n  \"bgColor\": null,\r\n  \"bgImage\": null,\r\n  \"cont\": [\r\n    {\r\n      \"type\": \"html\",\r\n      \"cont\": \"<!-- Begin Brevo Form -->\\n<!-- START - We recommend to place the below code in head tag of your website html  -->\\n<style>\\n  @font-face {\\n    font-display: block;\\n    font-family: Roboto;\\n    src: url(https:\/\/assets.brevo.com\/font\/Roboto\/Latin\/normal\/normal\/7529907e9eaf8ebb5220c5f9850e3811.woff2) format(\\\"woff2\\\"), url(https:\/\/assets.brevo.com\/font\/Roboto\/Latin\/normal\/normal\/25c678feafdc175a70922a116c9be3e7.woff) format(\\\"woff\\\")\\n  }\\n\\n  @font-face {\\n    font-display: fallback;\\n    font-family: Roboto;\\n    font-weight: 600;\\n    src: url(https:\/\/assets.brevo.com\/font\/Roboto\/Latin\/medium\/normal\/6e9caeeafb1f3491be3e32744bc30440.woff2) format(\\\"woff2\\\"), url(https:\/\/assets.brevo.com\/font\/Roboto\/Latin\/medium\/normal\/71501f0d8d5aa95960f6475d5487d4c2.woff) format(\\\"woff\\\")\\n  }\\n\\n  @font-face {\\n    font-display: fallback;\\n    font-family: Roboto;\\n    font-weight: 700;\\n    src: url(https:\/\/assets.brevo.com\/font\/Roboto\/Latin\/bold\/normal\/3ef7cf158f310cf752d5ad08cd0e7e60.woff2) format(\\\"woff2\\\"), url(https:\/\/assets.brevo.com\/font\/Roboto\/Latin\/bold\/normal\/ece3a1d82f18b60bcce0211725c476aa.woff) format(\\\"woff\\\")\\n  }\\n\\n  #sib-container input:-ms-input-placeholder {\\n    text-align: left;\\n    font-family: \\\"Helvetica\\\", sans-serif;\\n    color: #c0ccda;\\n  }\\n\\n  #sib-container input::placeholder {\\n    text-align: left;\\n    font-family: \\\"Helvetica\\\", sans-serif;\\n    color: #c0ccda;\\n  }\\n\\n  #sib-container textarea::placeholder {\\n    text-align: left;\\n    font-family: \\\"Helvetica\\\", sans-serif;\\n    color: #c0ccda;\\n  }\\n<\/style>\\n<link rel=\\\"stylesheet\\\" href=\\\"https:\/\/sibforms.com\/forms\/end-form\/build\/sib-styles.css\\\">\\n<!--  END - We recommend to place the above code in head tag of your website html -->\\n\\n<!-- START - We recommend to place the below code where you want the form in your website html  -->\\n<div class=\\\"sib-form\\\" style=\\\"text-align: center;\\n         background-color: transparent;                                 \\\">\\n  <div id=\\\"sib-form-container\\\" class=\\\"sib-form-container\\\">\\n    <div id=\\\"error-message\\\" class=\\\"sib-form-message-panel\\\" style=\\\"font-size:16px; text-align:left; font-family:&quot;Helvetica&quot;, sans-serif; color:#661d1d; background-color:#ffeded; border-radius:3px; border-color:#ff4949;max-width:540px;\\\">\\n      <div class=\\\"sib-form-message-panel__text sib-form-message-panel__text--center\\\">\\n        <svg viewBox=\\\"0 0 512 512\\\" class=\\\"sib-icon sib-notification__icon\\\">\\n          <path d=\\\"M256 40c118.621 0 216 96.075 216 216 0 119.291-96.61 216-216 216-119.244 0-216-96.562-216-216 0-119.203 96.602-216 216-216m0-32C119.043 8 8 119.083 8 256c0 136.997 111.043 248 248 248s248-111.003 248-248C504 119.083 392.957 8 256 8zm-11.49 120h22.979c6.823 0 12.274 5.682 11.99 12.5l-7 168c-.268 6.428-5.556 11.5-11.99 11.5h-8.979c-6.433 0-11.722-5.073-11.99-11.5l-7-168c-.283-6.818 5.167-12.5 11.99-12.5zM256 340c-15.464 0-28 12.536-28 28s12.536 28 28 28 28-12.536 28-28-12.536-28-28-28z\\\" \/>\\n        <\/svg>\\n        <span class=\\\"sib-form-message-panel__inner-text\\\">\\n                          Ihre Anmeldung konnte nicht gespeichert werden. Bitte versuchen Sie es erneut.\\n                      <\/span>\\n      <\/div>\\n    <\/div>\\n    <div><\/div>\\n    <div id=\\\"success-message\\\" class=\\\"sib-form-message-panel\\\" style=\\\"font-size:16px; text-align:left; font-family:&quot;Helvetica&quot;, sans-serif; color:#085229; background-color:#e7faf0; border-radius:3px; border-color:#13ce66;max-width:540px;\\\">\\n      <div class=\\\"sib-form-message-panel__text sib-form-message-panel__text--center\\\">\\n        <svg viewBox=\\\"0 0 512 512\\\" class=\\\"sib-icon sib-notification__icon\\\">\\n          <path d=\\\"M256 8C119.033 8 8 119.033 8 256s111.033 248 248 248 248-111.033 248-248S392.967 8 256 8zm0 464c-118.664 0-216-96.055-216-216 0-118.663 96.055-216 216-216 118.664 0 216 96.055 216 216 0 118.663-96.055 216-216 216zm141.63-274.961L217.15 376.071c-4.705 4.667-12.303 4.637-16.97-.068l-85.878-86.572c-4.667-4.705-4.637-12.303.068-16.97l8.52-8.451c4.705-4.667 12.303-4.637 16.97.068l68.976 69.533 163.441-162.13c4.705-4.667 12.303-4.637 16.97.068l8.451 8.52c4.668 4.705 4.637 12.303-.068 16.97z\\\" \/>\\n        <\/svg>\\n        <span class=\\\"sib-form-message-panel__inner-text\\\">\\n                          Ihre Anmeldung war erfolgreich.\\n                      <\/span>\\n      <\/div>\\n    <\/div>\\n    <div><\/div>\\n    <div id=\\\"sib-container\\\" class=\\\"sib-container--large sib-container--vertical\\\" style=\\\"text-align:center; background-color:rgba(255,255,255,1); max-width:540px; border-radius:3px; border-width:1px; border-color:#C0CCD9; border-style:solid; direction:ltr\\\">\\n      <form id=\\\"sib-form\\\" method=\\\"POST\\\" action=\\\"https:\/\/cace50f7.sibforms.com\/serve\/MUIEAMxVMWdkgioYkszbQ780kTHP44GbfnqmCJcsO6NA1yh-W4qzAOyHuZRBhQCuMVzLI_Ht7OUkFzZbPYknAx_PiqNEgWnU7EyazME7T3UGBp4NGWVh4s2WLoUhPkbwmQHNij6z3bDVNqiRVz4gY5eW5ds4v8gql132qBurp_O4QornAvikEezLkXf8M_L9zIZuUlvpugcC50oh\\\" data-type=\\\"subscription\\\">\\n        <div style=\\\"padding: 8px 0;\\\">\\n          <div class=\\\"sib-input sib-form-block\\\">\\n            <div class=\\\"form__entry entry_block\\\">\\n              <div class=\\\"form__label-row \\\">\\n                <label class=\\\"entry__label\\\" style=\\\"font-weight: 700; text-align:left; font-size:16px; text-align:left; font-weight:700; font-family:&quot;Helvetica&quot;, sans-serif; color:#3c4858;\\\" for=\\\"VORNAME\\\" data-required=\\\"*\\\">Vorname<\/label>\\n\\n                <div class=\\\"entry__field\\\">\\n                  <input class=\\\"input \\\" maxlength=\\\"200\\\" type=\\\"text\\\" id=\\\"VORNAME\\\" name=\\\"VORNAME\\\" autocomplete=\\\"off\\\" data-required=\\\"true\\\" required \/>\\n                <\/div>\\n              <\/div>\\n\\n              <label class=\\\"entry__error entry__error--primary\\\" style=\\\"font-size:16px; text-align:left; font-family:&quot;Helvetica&quot;, sans-serif; color:#661d1d; background-color:#ffeded; border-radius:3px; border-color:#ff4949;\\\">\\n              <\/label>\\n            <\/div>\\n          <\/div>\\n        <\/div>\\n        <div style=\\\"padding: 8px 0;\\\">\\n          <div class=\\\"sib-input sib-form-block\\\">\\n            <div class=\\\"form__entry entry_block\\\">\\n              <div class=\\\"form__label-row \\\">\\n                <label class=\\\"entry__label\\\" style=\\\"font-weight: 700; text-align:left; font-size:16px; text-align:left; font-weight:700; font-family:&quot;Helvetica&quot;, sans-serif; color:#3c4858;\\\" for=\\\"NACHNAME\\\" data-required=\\\"*\\\">Nachname<\/label>\\n\\n                <div class=\\\"entry__field\\\">\\n                  <input class=\\\"input \\\" maxlength=\\\"200\\\" type=\\\"text\\\" id=\\\"NACHNAME\\\" name=\\\"NACHNAME\\\" autocomplete=\\\"off\\\" data-required=\\\"true\\\" required \/>\\n                <\/div>\\n              <\/div>\\n\\n              <label class=\\\"entry__error entry__error--primary\\\" style=\\\"font-size:16px; text-align:left; font-family:&quot;Helvetica&quot;, sans-serif; color:#661d1d; background-color:#ffeded; border-radius:3px; border-color:#ff4949;\\\">\\n              <\/label>\\n            <\/div>\\n          <\/div>\\n        <\/div>\\n        <div style=\\\"padding: 8px 0;\\\">\\n          <div class=\\\"sib-input sib-form-block\\\">\\n            <div class=\\\"form__entry entry_block\\\">\\n              <div class=\\\"form__label-row \\\">\\n                <label class=\\\"entry__label\\\" style=\\\"font-weight: 700; text-align:left; font-size:16px; text-align:left; font-weight:700; font-family:&quot;Helvetica&quot;, sans-serif; color:#3c4858;\\\" for=\\\"EMAIL\\\" data-required=\\\"*\\\">E-Mail<\/label>\\n\\n                <div class=\\\"entry__field\\\">\\n                  <input class=\\\"input \\\" type=\\\"text\\\" id=\\\"EMAIL\\\" name=\\\"EMAIL\\\" autocomplete=\\\"off\\\" data-required=\\\"true\\\" required \/>\\n                <\/div>\\n              <\/div>\\n\\n              <label class=\\\"entry__error entry__error--primary\\\" style=\\\"font-size:16px; text-align:left; font-family:&quot;Helvetica&quot;, sans-serif; color:#661d1d; background-color:#ffeded; border-radius:3px; border-color:#ff4949;\\\">\\n              <\/label>\\n            <\/div>\\n          <\/div>\\n        <\/div>\\n        <div style=\\\"padding: 8px 0;\\\">\\n          <div class=\\\"sib-form-block\\\" style=\\\"font-size:16px; text-align:left; font-family:&quot;Helvetica&quot;, sans-serif; color:#3C4858; background-color:transparent; text-align:left\\\">\\n            <div class=\\\"sib-text-form-block\\\">\\n              <p>Gerdesmeyer Krohn nutzt die von Ihnen auf diesem Formular angegebenen Information um mit Ihen in Kontakt zu bleiben und Ihnen Neuigkeiten und Marketing per E-Mail zukommen zu lassen. Wir verwenden Brevo als unsere Marketing-Plattform. Wenn Sie das Formular ausf\u00fcllen und absenden, best\u00e4tigen Sie, dass die von Ihnen angegebenen Informationen an Brevo zur Bearbeitung gem\u00e4\u00df den <a href=\\\"https:\/\/de.sendinblue.com\/legal\/termsofuse\/\\\" target=\\\"_blank\\\">Nutzungsbedingungen<\/a> \u00fcbertragen werden.<\/p>\\n            <\/div>\\n          <\/div>\\n        <\/div>\\n        <div style=\\\"padding: 8px 0;\\\">\\n          <div class=\\\"sib-optin sib-form-block\\\">\\n            <div class=\\\"form__entry entry_mcq\\\">\\n              <div class=\\\"form__label-row \\\">\\n                <div class=\\\"entry__choice\\\" style=\\\"\\\">\\n                  <label>\\n                    <input type=\\\"checkbox\\\" class=\\\"input_replaced\\\" value=\\\"1\\\" id=\\\"OPT_IN\\\" name=\\\"OPT_IN\\\" \/>\\n                    <span class=\\\"checkbox checkbox_tick_positive\\\"\\n            style=\\\"margin-left:\\\"\\n            ><\/span><span style=\\\"font-size:14px; text-align:left; font-family:&quot;Helvetica&quot;, sans-serif; color:#3C4858; background-color:transparent;\\\"><p>Ich m\u00f6chte Ihren Newsletter erhalten und akzeptiere die Datenschutzerkl\u00e4rung.<\/p><\/span> <\/label>\\n                <\/div>\\n              <\/div>\\n              <label class=\\\"entry__error entry__error--primary\\\" style=\\\"font-size:16px; text-align:left; font-family:&quot;Helvetica&quot;, sans-serif; color:#661d1d; background-color:#ffeded; border-radius:3px; border-color:#ff4949;\\\">\\n              <\/label>\\n            <\/div>\\n          <\/div>\\n        <\/div>\\n        <div style=\\\"padding: 8px 0;\\\">\\n          <div class=\\\"sib-form-block\\\" style=\\\"text-align: center\\\">\\n            <button class=\\\"sib-form-block__button sib-form-block__button-with-loader\\\" style=\\\"font-size:16px; text-align:center; font-weight:700; font-family:&quot;Helvetica&quot;, sans-serif; color:#FFFFFF; background-color:#3E4857; border-radius:3px; border-width:0px;\\\" form=\\\"sib-form\\\" type=\\\"submit\\\">\\n              <svg class=\\\"icon clickable__icon progress-indicator__icon sib-hide-loader-icon\\\" viewBox=\\\"0 0 512 512\\\">\\n                <path d=\\\"M460.116 373.846l-20.823-12.022c-5.541-3.199-7.54-10.159-4.663-15.874 30.137-59.886 28.343-131.652-5.386-189.946-33.641-58.394-94.896-95.833-161.827-99.676C261.028 55.961 256 50.751 256 44.352V20.309c0-6.904 5.808-12.337 12.703-11.982 83.556 4.306 160.163 50.864 202.11 123.677 42.063 72.696 44.079 162.316 6.031 236.832-3.14 6.148-10.75 8.461-16.728 5.01z\\\" \/>\\n              <\/svg>\\n              ANMELDEN\\n            <\/button>\\n          <\/div>\\n        <\/div>\\n\\n        <input type=\\\"text\\\" name=\\\"email_address_check\\\" value=\\\"\\\" class=\\\"input--hidden\\\">\\n        <input type=\\\"hidden\\\" name=\\\"locale\\\" value=\\\"de\\\">\\n      <\/form>\\n    <\/div>\\n  <\/div>\\n<\/div>\\n<!-- END - We recommend to place the below code where you want the form in your website html  -->\\n\\n<!-- START - We recommend to place the below code in footer or bottom of your website html  -->\\n<script>\\n  window.REQUIRED_CODE_ERROR_MESSAGE = 'W\u00e4hlen Sie bitte einen L\u00e4ndervorwahl aus.';\\n  window.LOCALE = 'de';\\n  window.EMAIL_INVALID_MESSAGE = window.SMS_INVALID_MESSAGE = \\\"Die eingegebenen Informationen sind nicht g\u00fcltig. Bitte \u00fcberpr\u00fcfen Sie das Feldformat und versuchen Sie es erneut.\\\";\\n\\n  window.REQUIRED_ERROR_MESSAGE = \\\"Dieses Feld darf nicht leer sein. \\\";\\n\\n  window.GENERIC_INVALID_MESSAGE = \\\"Die eingegebenen Informationen sind nicht g\u00fcltig. Bitte \u00fcberpr\u00fcfen Sie das Feldformat und versuchen Sie es erneut.\\\";\\n\\n\\n\\n\\n  window.translation = {\\n    common: {\\n      selectedList: '{quantity} Liste ausgew\u00e4hlt',\\n      selectedLists: '{quantity} Listen ausgew\u00e4hlt'\\n    }\\n  };\\n\\n  var AUTOHIDE = Boolean(0);\\n<\/script>\\n<script defer src=\\\"https:\/\/sibforms.com\/forms\/end-form\/build\/main.js\\\"><\/script>\\n\\n\\n<!-- END - We recommend to place the above code in footer or bottom of your website html  -->\\n<!-- End Brevo Form -->\",\r\n      \"align\": \"top\",\r\n      \"row\": 1,\r\n      \"col\": 4,\r\n      \"colspan\": 10,\r\n      \"offsetx\": 0,\r\n      \"offsety\": 0,\r\n      \"spaceabove\": 0,\r\n      \"spacebelow\": 0,\r\n      \"yvel\": 1,\r\n      \"push\": 4,\r\n      \"relid\": 5,\r\n      \"panelPosition\": {\r\n        \"width\": 1722.6000000000001,\r\n        \"height\": 795.6,\r\n        \"left\": \"95.69999999999993px\",\r\n        \"top\": \"44.19999999999999px\",\r\n        \"transform\": \"none\"\r\n      },\r\n      \"panelBodyHeight\": {\r\n        \"height\": \"659.6px\"\r\n      },\r\n      \"absolute_position\": false\r\n    }\r\n  ]\r\n}","phonegrid":"","_links":{"self":[{"href":"https:\/\/gerdesmeyerkrohn.de\/en\/wp-json\/wp\/v2\/pages\/1638"}],"collection":[{"href":"https:\/\/gerdesmeyerkrohn.de\/en\/wp-json\/wp\/v2\/pages"}],"about":[{"href":"https:\/\/gerdesmeyerkrohn.de\/en\/wp-json\/wp\/v2\/types\/page"}],"author":[{"embeddable":true,"href":"https:\/\/gerdesmeyerkrohn.de\/en\/wp-json\/wp\/v2\/users\/1"}],"replies":[{"embeddable":true,"href":"https:\/\/gerdesmeyerkrohn.de\/en\/wp-json\/wp\/v2\/comments?post=1638"}],"version-history":[{"count":0,"href":"https:\/\/gerdesmeyerkrohn.de\/en\/wp-json\/wp\/v2\/pages\/1638\/revisions"}],"wp:attachment":[{"href":"https:\/\/gerdesmeyerkrohn.de\/en\/wp-json\/wp\/v2\/media?parent=1638"}],"curies":[{"name":"wp","href":"https:\/\/api.w.org\/{rel}","templated":true}]}}